{"id":670,"date":"2024-05-31T11:38:53","date_gmt":"2024-05-31T09:38:53","guid":{"rendered":"https:\/\/azal.si\/?page_id=670"},"modified":"2024-05-31T11:39:46","modified_gmt":"2024-05-31T09:39:46","slug":"dostava-prevzem","status":"publish","type":"page","link":"https:\/\/azal.si\/index.php\/dostava-prevzem\/","title":{"rendered":"Dostava \/ prevzem"},"content":{"rendered":"\n<div class=\"container section-title-container\" ><h3 class=\"section-title section-title-center\"><b><\/b><span class=\"section-title-main\" >Dostava \/ prevzem<\/span><b><\/b><\/h3><\/div>\n\n<p>Dostava blaga je omejena na ozemlje dr\u017eave Slovenije (za druga\u010den dogovor nas prosim povpra\u0161ajte). V nobenem primeru trgovec ni odgovoren za prekora\u010den rok dostave. Dostava se izvr\u0161i na naslov, ki ste ga navedli ob prijavi ali naro\u010dilu.<\/p>\n<p>\u010ce vas v \u010dasu dostave ni na predvidenem mestu bo dostavljalec pustil sporo\u010dilo, na katerem bodo navodila za nadaljnje ukrepanje. Najve\u010dkrat zado\u0161\u010da obisk najbli\u017eje po\u0161te.<\/p>\n<p>Stro\u0161ki dostave:<\/p>\n<p><strong>Za vsa naro\u010dila nad 40\u20ac je dostava brezpla\u010dna. <\/strong><\/p>\n<p><strong>Za naro\u010dila do 40\u20ac\u00a0 je dostava 3,95 \u20ac z DDV-jem (VELJA ZA PLA\u010cILA PO PREDRA\u010cUNU).<\/strong><\/p>\n<p><strong>PLA\u010cILO Z GOTOVINO (ali drugimi sredstvi) po povzetju. Pri\u0161teje se provizija 0,6\u20ac za odkupnino z gotovino, ki ga GLS zara\u010duna za pla\u010dilo po\u0161iljk po povzetju z GOTOVINO (COD).<\/strong><\/p>\n<p><em>Pri pla\u010dilu po PREDRA\u010cUNU se izognete PROVIZIJI za odkupnino v vrednosti 0,6\u20ac, ki ga ZARA\u010cUNA GLS za pla\u010dilo po\u0161iljk po povzetju z GOTOVINO (COD).<\/em><\/p>\n<p><strong>! Cena dostave zajema pakiranje in prevoz.<\/strong><\/p>\n\t<div class=\"img has-hover x md-x lg-x y md-y lg-y\" id=\"image_829046996\">\n\t\t\t\t\t\t\t\t<div class=\"img-inner dark\" >\n\t\t\t<img loading=\"lazy\" decoding=\"async\" width=\"682\" height=\"238\" src=\"https:\/\/azal.si\/wp-content\/uploads\/2024\/05\/GLS.jpg\" class=\"attachment-large size-large\" alt=\"\" srcset=\"https:\/\/azal.si\/wp-content\/uploads\/2024\/05\/GLS.jpg 682w, https:\/\/azal.si\/wp-content\/uploads\/2024\/05\/GLS-300x105.jpg 300w, https:\/\/azal.si\/wp-content\/uploads\/2024\/05\/GLS-510x178.jpg 510w\" sizes=\"auto, (max-width: 682px) 100vw, 682px\" \/>\t\t\t\t\t\t\n\t\t\t\t\t<\/div>\n\t\t\t\t\t\t\t\t\n<style>\n#image_829046996 {\n  width: 100%;\n}\n<\/style>\n\t<\/div>\n\t\n\n<p>&#8211; Informacije o &gt;&gt;GLS kurirska in paketna distribucija&lt;&lt; si lahko ogledate na njihovi uradni strani: -&gt; <a href=\"https:\/\/posljipaket.si\/\">https:\/\/posljipaket.si\/<\/a><\/p>\n<p>Morebitne nejasnosti ali te\u017eave nam lahko sporo\u010dite na info@azal.si ali pa pokli\u010dite Tel: 070 823 561.<\/p>\n<blockquote>\n<p>Dobavni roki<\/p>\n<\/blockquote>\n<p>O morebitnih dalj\u0161ih dobavnih rokih vas bomo preko elektronske po\u0161te sproti obve\u0161\u010dali. V primeru, da vam dalj\u0161i dobavni rok ne ustreza, nam lahko to sporo\u010dite in artikel bomo odstranili iz naro\u010dila ali zamenjali z drugim.<\/p>\n<p>Zaradi razli\u010dnih dobavljivosti izdelkov je naro\u010dilo lahko razdeljeno na ve\u010d po\u0161iljk. Lahko jih odpremimo delno ali vse hkrati. \u010ce v \u010detrtem koraku oddaje spletnega naro\u010dila izberete &#8221;Odprema celotnega naro\u010dila hkrati&#8221; vam bomo naro\u010dilo poslali v eni po\u0161iljki. V primeru, ko izberete &#8221;Odprema razpolo\u017eljivih artiklov.&#8221; pa bo po\u0161iljka odpremljena v ve\u010d po\u0161iljkah.<\/p>\n<p>Pri delni dobavi vam bomo artikle, ki so na zalogi, poslali takoj, ostale pa, ko bodo na voljo. Morebitni stro\u0161ek dostave bomo zara\u010dunali <strong>le pri prvi po\u0161iljki<\/strong>, za kasnej\u0161e po\u0161iljke pa bomo nosili stro\u0161ek dostave mi. \u010ce se naveli\u010date \u010dakanja, nam lahko to sporo\u010dite in manjkajo\u010di artikel bomo odstranili iz naro\u010dila.<\/p>\n<p>Za artikle, ki so ozna\u010deni kot rok dobave ni znan, nimamo podatka o tem, kako hitro jih lahko dobavimo.<\/p>\n<p>\u010ce boste nekaj dni odsotni, lahko v \u010detrtem koraku pri dostavi v meniju ozna\u010dite tudi \u017eeljeni datum odpreme va\u0161ega paketa. To pomeni, da pred tem datumom va\u0161 paket ne poslan na navedeni naslov.<\/p>\n<p>Za dostavo poskrbi <strong>GLS<\/strong>, ve\u010dinoma naslednji delovni dan od dneva odpreme, vendar najkasneje <strong>v roku treh delovnih dni<\/strong>. Ob odpremi po\u0161iljke vam bomo poslali obvestilo, da smo artikle \u017ee poslali na pot.<\/p>\n<p>Za vse dodatne informacije nas pokli\u010dite Tel: 070 823 561 ali po\u0161ljite <a href=\"mailto:info@brezmeja.eu\">info@azal.si<\/a>.<\/p>\n<blockquote>\n<p>Obravnava po\u0161kodovanih po\u0161iljk (od\u0161kodnine)<\/p>\n<\/blockquote>\n<p>\u010ce ste ob prevzemu po\u0161iljke opazili, da je artikel ali po\u0161iljka fizi\u010dno po\u0161kodovana, v njej manjka vsebina ali ka\u017ee znake odprtja, lahko vlo\u017eite postopek od\u0161kodnine pri <strong>GLS<\/strong> <em>https:\/\/posljipaket.si\/<\/em>. To storite tako, da po\u0161iljko (embala\u017eo + vsebino) prinesete na po\u0161to, takoj, ko opazite po\u0161kodbo ali izropano po\u0161iljko najkasneje v roku 30 dni od prevzema po\u0161iljke. Na po\u0161ti opozorite, da je potrebno izpolniti Zapisnik o po\u0161kodovani po\u0161iljki, ki ga podpi\u0161ete tudi vi. Po prejetju vse potrebne dokumentacije, se na <strong>GLS<\/strong> <em>https:\/\/posljipaket.si\/<\/em> poda zahtevek za od\u0161kodnino.<\/p>\n<p>Zahtevek na <strong>GLS<\/strong> <em>https:\/\/posljipaket.si\/<\/em> komisijsko obravnavajo in na podlagi odgovora ali odobritve se vrne kupnina ali naro\u010di nov artikel. Skupaj s <strong>GLS<\/strong> <em>https:\/\/posljipaket.si\/<\/em> bomo poskrbeli, da bo od\u0161kodnina re\u0161ena v najkraj\u0161em mo\u017enem \u010dasu<\/p>\n\n","protected":false},"excerpt":{"rendered":"","protected":false},"author":1,"featured_media":0,"parent":0,"menu_order":0,"comment_status":"closed","ping_status":"closed","template":"","meta":{"footnotes":""},"class_list":["post-670","page","type-page","status-publish","hentry"],"jetpack_sharing_enabled":true,"_links":{"self":[{"href":"https:\/\/azal.si\/index.php\/wp-json\/wp\/v2\/pages\/670","targetHints":{"allow":["GET"]}}],"collection":[{"href":"https:\/\/azal.si\/index.php\/wp-json\/wp\/v2\/pages"}],"about":[{"href":"https:\/\/azal.si\/index.php\/wp-json\/wp\/v2\/types\/page"}],"author":[{"embeddable":true,"href":"https:\/\/azal.si\/index.php\/wp-json\/wp\/v2\/users\/1"}],"replies":[{"embeddable":true,"href":"https:\/\/azal.si\/index.php\/wp-json\/wp\/v2\/comments?post=670"}],"version-history":[{"count":2,"href":"https:\/\/azal.si\/index.php\/wp-json\/wp\/v2\/pages\/670\/revisions"}],"predecessor-version":[{"id":673,"href":"https:\/\/azal.si\/index.php\/wp-json\/wp\/v2\/pages\/670\/revisions\/673"}],"wp:attachment":[{"href":"https:\/\/azal.si\/index.php\/wp-json\/wp\/v2\/media?parent=670"}],"curies":[{"name":"wp","href":"https:\/\/api.w.org\/{rel}","templated":true}]}}