{"id":665,"date":"2024-05-31T11:28:54","date_gmt":"2024-05-31T09:28:54","guid":{"rendered":"https:\/\/azal.si\/?page_id=665"},"modified":"2024-05-31T11:31:25","modified_gmt":"2024-05-31T09:31:25","slug":"cene-in-placila","status":"publish","type":"page","link":"https:\/\/azal.si\/index.php\/cene-in-placila\/","title":{"rendered":"Cene in pla\u010dila"},"content":{"rendered":"\n<div class=\"container section-title-container\" ><h3 class=\"section-title section-title-center\"><b><\/b><span class=\"section-title-main\" >Cene in pla\u010dila<\/span><b><\/b><\/h3><\/div>\n\n<p>VKLOPI RAZUM, ZAHTEVAJ RA\u010cUN !<\/p>\n<p>Vse cene v spletni trgovini Najdemo.si so navedene v EUR in vklju\u010dujejo davek na dodano vrednost (DDV), razen, \u010de ni to druga\u010de zapisano.<\/p>\n<p>Cene veljajo ob sklenitvi pogodbe oziroma, ko kupec dobi sporo\u010dilo, da je naro\u010dilo v obdelavi. Cene se lahko spremenijo brez predhodnega obvestila. Ponudba velja po teh pogojih do prodaje zalog.<\/p>\n<blockquote>\n<p>Pla\u010dila<\/p>\n<\/blockquote>\n<p>FINANCIRANJE \u2013 KUPUJTE ENOSTAVNO IN HITRO<\/p>\n<p>V spletni trgovini Najdemo.si vam poleg gotovinskega pla\u010dila nudimo \u0161irok izbor pla\u010dilni na\u010dinov, s katerimi bo va\u0161 nakup udoben in enostaven.<\/p>\n<p>1. Pla\u010dilo po predra\u010dunu<\/p>\n<p>Pla\u010dilo po predra\u010dunu \u2013 nakazilo na TRR. \u010ce se odlo\u010dite za pla\u010dilo po predra\u010dunu, boste po elektronski po\u0161ti prejeli predra\u010dun. Ko bo ta v celoti poravnan, boste prejeli naro\u010deno blago. \u010ce bo predra\u010dun pla\u010dan delno, ostane blago do nadaljnjega v lasti podjetja Azal, Simon Jeler\u010di\u010d s.p.<\/p>\n<p>2. Pla\u010dilo po povzetju<\/p>\n<p>Po povzetju (pla\u010dilo z gotovino\/ drugo ob prevzemu blaga). Pla\u010dilo z gotovino (ali drugimi sredstvi) po povzetju. !!! Nasvet: Pri pla\u010dilu po PREDRA\u010cUNU se izognete PROVIZIJI za odkupnino, ki ga ZARA\u010cUNA GLS za pla\u010dilo po\u0161iljk po povzetju z GOTOVINO (COD).<\/p>\n<p>3. Pla\u010dilo s kartico<\/p>\n<p>S pla\u010dilno oziroma kreditno kartico (Activa, Mastercard, Visa, Visa Electron (preko spletnega pla\u010dila).<\/p>\n<p>4. Paypal<\/p>\n<p>PayPal je najbolj priljubljen in nadvse varen pla\u010dilni sistem, ki nastopa kot posrednik med kupcem in prodajalcem. Pri pla\u010devanju s Paypal boste preusmerjeni na njihovo spletno stran za pla\u010devanje, kjer sledite korakom nakupa ter zaklju\u010dite pla\u010dilo. \u010ce \u0161e nimate svojega PayPal ra\u010duna, si ga lahko ustvarite na slede\u010di povezavi: https:\/\/www.paypal.com\/si.<\/p>\n<p>VKLOPI RAZUM, ZAHTEVAJ RA\u010cUN !<\/p>\n<div id=\"row-68652801\" class=\"row\">\n<div id=\"col-556150229\" class=\"col medium-3 small-12 large-3\">\n<div class=\"col-inner\">\n<div class=\"text-center\">\n<div class=\"is-divider divider clearfix\">\u00a0<\/div>\n<\/div>\n<\/div>\n<\/div>\n<div id=\"col-2142267328\" class=\"col medium-5 small-12 large-5\">\n<div class=\"col-inner\">\n<div id=\"image_69644000\" class=\"img has-hover x md-x lg-x y md-y lg-y\">\n<div class=\"img-inner dark\"><img loading=\"lazy\" decoding=\"async\" class=\"attachment-large size-large aligncenter\" src=\"https:\/\/najdemo.si\/wp-content\/uploads\/2023\/11\/vklopi_razum_1.png\" sizes=\"auto, (max-width: 400px) 100vw, 400px\" srcset=\"https:\/\/najdemo.si\/wp-content\/uploads\/2023\/11\/vklopi_razum_1.png 400w, https:\/\/najdemo.si\/wp-content\/uploads\/2023\/11\/vklopi_razum_1-283x400.png 283w\" alt=\"\" width=\"400\" height=\"566\" \/><\/div>\n<\/div>\n<\/div>\n<\/div>\n<div id=\"col-635377408\" class=\"col medium-4 small-12 large-4\">\u00a0<\/div>\n<\/div>\n\n","protected":false},"excerpt":{"rendered":"","protected":false},"author":1,"featured_media":0,"parent":0,"menu_order":0,"comment_status":"closed","ping_status":"closed","template":"","meta":{"footnotes":""},"class_list":["post-665","page","type-page","status-publish","hentry"],"jetpack_sharing_enabled":true,"_links":{"self":[{"href":"https:\/\/azal.si\/index.php\/wp-json\/wp\/v2\/pages\/665","targetHints":{"allow":["GET"]}}],"collection":[{"href":"https:\/\/azal.si\/index.php\/wp-json\/wp\/v2\/pages"}],"about":[{"href":"https:\/\/azal.si\/index.php\/wp-json\/wp\/v2\/types\/page"}],"author":[{"embeddable":true,"href":"https:\/\/azal.si\/index.php\/wp-json\/wp\/v2\/users\/1"}],"replies":[{"embeddable":true,"href":"https:\/\/azal.si\/index.php\/wp-json\/wp\/v2\/comments?post=665"}],"version-history":[{"count":2,"href":"https:\/\/azal.si\/index.php\/wp-json\/wp\/v2\/pages\/665\/revisions"}],"predecessor-version":[{"id":667,"href":"https:\/\/azal.si\/index.php\/wp-json\/wp\/v2\/pages\/665\/revisions\/667"}],"wp:attachment":[{"href":"https:\/\/azal.si\/index.php\/wp-json\/wp\/v2\/media?parent=665"}],"curies":[{"name":"wp","href":"https:\/\/api.w.org\/{rel}","templated":true}]}}