{"id":659,"date":"2024-05-31T11:23:04","date_gmt":"2024-05-31T09:23:04","guid":{"rendered":"https:\/\/azal.si\/?page_id=659"},"modified":"2024-05-31T12:08:16","modified_gmt":"2024-05-31T10:08:16","slug":"pogoji-poslovanja","status":"publish","type":"page","link":"https:\/\/azal.si\/index.php\/pogoji-poslovanja\/","title":{"rendered":"Pogoji poslovanja"},"content":{"rendered":"\n<div class=\"container section-title-container\" ><h3 class=\"section-title section-title-center\"><b><\/b><span class=\"section-title-main\" >Pogoji poslovanja<\/span><b><\/b><\/h3><\/div>\n\n<p>Azal Simon Jeler\u010di\u010d s.p., https:\/\/azal.si\/ si pridr\u017euje pravico do spremembe aktualnih cen in ostalih pogojev ! Nekatere slike so simboli\u010dne. Za morebitne napake ne odgovarjamo.<\/p>\n<p>Splo\u0161ni pogoji poslovanja spletne trgovine najdemo.si so sestavljeni v skladu z Zakonom o varstvu potro\u0161nikov in na podlagi priporo\u010dil GZS ter mednarodnih kodeksov za e-poslovanje.<\/p>\n<p>Najdemo.si je spletna trgovina s katero upravlja podjetje AZAL, v nadaljnem besedilu &#8220;trgovec&#8221;. Svetujemo vam, da si pred uporabo strani spletne trgovine pazljivo preberete spodaj navedene pogoje poslovanja. Trgovec si pridr\u017euje pravico do spremembe pogojev na spletnem mestu najdemo.si kadarkoli in brez vnaprej\u0161njega obvestila, zato vam priporo\u010damo, da si redno ogledujete pogoje poslovanja. Z uporabo spletne strani izrazite svoje strinjanje z navedenimi pogoji.<br \/>\u010clanstvo spletne trgovine in uporabniki<\/p>\n<p>Ob registraciji v spletno trgovino najdemo.si obiskovalec pridobi uporabni\u0161ko ime in geslo. Uporabni\u0161ko ime in geslo uporabnika nedvoumno dolo\u010data in povezujeta z vnesenimi podatki. Z registracijo obiskovalec postane uporabnik in pridobi pravico do nakupa.<\/p>\n<p>V spletno trgovino se lahko prijavite kot posameznik &#8211; fizi\u010dna oseba ali pa kot podjetje oziroma pravna oseba. Pod pravno osebo se smatrajo podjetja, samostojni podjetniki in posamezniki, ki uporabljajo nakupljeno blago v pridobitveni dejavnosti. Mo\u017enost izbire prijave kot fizi\u010dna ali pravna oseba ima uporabnik ob registraciji oziroma oddaji naro\u010dila.<\/p>\n<p>Fizi\u010dne osebe so izklju\u010dno uporabniki, ki pridobivajo in uporabljajo blago in storitve za namene izven njihove pridobitne ali poklicne dejavnosti. Za kupce, ki so fizi\u010dne osebe po tem pravilu, veljajo dolo\u010dila Zakona o varstvu potro\u0161nikov ter dolo\u010dila splo\u0161nih pogojev poslovanja.<\/p>\n<p>Pravne osebe so uporabniki, ki blago in storitve pridobijo ali uporabljajo za namene njihove pridobitne ali poklicne dejavnosti. Za kupce, ki so pravne osebe po teh dolo\u010dilih veljajo pravila splo\u0161nih pogojev poslovanja, ki jih sprejmejo ob registraciji oziroma ob oddaji naro\u010dila ter dolo\u010dila obligacijskega zakonika. V primerih, ko naro\u010dilo izvede pravna ali fizi\u010dna oseba, ki opravlja pridobitno dejavnost, ne glede na njeno pravnoorganizacijsko obliko ali lastninsko pripadnost, zanjo veljajo dolo\u010dila Zakona o varstvu potro\u0161nikov le v primerih, ko je to posebej navedeno v samem zakonu.<\/p>\n<blockquote>\n<p>Varovanje osebnih podatkov<\/p>\n<\/blockquote>\n<p>Trgovec se zavezuje k trajnemu varovanju vseh osebnih podatkov uporabnika.<br \/>Trgovec za nedolo\u010den \u010das hrani IP naslove vseh obiskovalcev spletne trgovine najdemo.si pri registriranih \u010dlanih pa \u0161e: ime in priimek, e-po\u0161tni naslov, kontaktni telefon, primarni naslov in naslove za dostavo, dr\u017eavo prebivali\u0161\u010da, \u010das in datum registracije in arhiv komunikacije s ponudnikom.<br \/>Trgovec bo osebne podatke uporabil izklju\u010dno za potrebe izpolnitve naro\u010dila (po\u0161iljanje informativnega gradiva, ponudb, ra\u010dunov) in ostalo potrebno komunikacijo.<\/p>\n<p>Uporabnikovi podatki v nobenem primeru ne bodo predani nepoobla\u0161\u010denim osebam.<\/p>\n<p>Za varovanje osebnih podatkov je odgovoren tudi uporabnik sam, in sicer tako, da poskrbi za varnost svojega uporabni\u0161kega imena in gesla ter ustrezno za\u0161\u010dito svojega ra\u010dunalnika.<\/p>\n<blockquote>\n<p>Avtorske pravice<\/p>\n<\/blockquote>\n<p>Spletna trgovina najdemo.si in vsi podatki, opisi izdelkov, programska koda, tehnologije, slike artiklov in grafika ter ostali elementi prikazani na spletnem mestu trgovca so za\u0161\u010diteni z Zakonom o avtorskih pravicah in drugimi zakoni in uredbami avtorskega prava in jih ni dovoljeno reproducirati ali uporabljati, brez predhodnega pisnega dovoljenja. Blagovne znamke in logotipi podjetij so v njihovi lasti.<br \/>Komunikacija<\/p>\n<p>Trgovec bo z uporabnikom stopil v stik preko sredstev komunikacij na daljavo le, \u010de temu uporabnik izrecno ne nasprotuje.<\/p>\n<blockquote>\n<p>Varstvo otrok<\/p>\n<\/blockquote>\n<p>Oglasna sporo\u010dila bodo jasno razvidna (upo\u0161tevajo\u010d starost) in jasno lo\u010dena od iger in tekmovanj. Vsaka komunikacija, namenjena otrokom, bo primerna njihovi starosti in ne bo izkori\u0161\u010dala zaupljivosti otrok, pomanjkanja izku\u0161enj ali ob\u010dutka lojalnosti.<\/p>\n<p>Trgovec ne sme sprejemati naro\u010dila od nekoga, za katerega ve ali sumi, da je otrok, ne da bi zato imel izrecnega dovoljenja njegovih star\u0161ev ali skrbnikov.<\/p>\n<p>Trgovec brez izrecnega dovoljenja njihovih star\u0161ev ali skrbnikov ne sme sprejemati kakr\u0161nihkoli osebnih podatkov, ki zadevajo otroke. Prav tako ponudnik tretji osebi ne sme izdajati podatkov, sprejetih od otrok, izjema so star\u0161i oziroma skrbniki.<\/p>\n<p>Trgovec ne sme ponujati prostega dostopa do izdelkov ali storitev, ki so \u0161kodljive za otroke.<\/p>\n<blockquote>\n<p>Odgovornost<\/p>\n<\/blockquote>\n<p>Trgovec se trudi po svojih najbolj\u0161ih mo\u010deh, da bi posredoval to\u010dne informacije o izdelkih, cenah in zalogi. Vendar pa trgovec ne daje garancije ali jamstva za to\u010dnost informacij in ne prevzema nobene od\u0161kodninske ali druge odgovornosti za napake v vsebinah spletnega mesta. Slike artiklov so simboli\u010dne in ne predstavljajo nujno dejanskega stanja in ne zagotavljajo lastnosti izdelka (barve, dodatna oprema).<\/p>\n<p>Trgovec ni odgovoren za ob\u010dasno nedelovanje strani, morebitno nepravilnost podatkov in tudi ne za morebitno \u0161kodo, nastalo zaradi uporabe neto\u010dnih ali nepopolnih informacij ter nezmo\u017enosti dostopa in uporabe informacij na spletni strani.<\/p>\n\n","protected":false},"excerpt":{"rendered":"","protected":false},"author":1,"featured_media":0,"parent":0,"menu_order":0,"comment_status":"closed","ping_status":"closed","template":"","meta":{"footnotes":""},"class_list":["post-659","page","type-page","status-publish","hentry"],"jetpack_sharing_enabled":true,"_links":{"self":[{"href":"https:\/\/azal.si\/index.php\/wp-json\/wp\/v2\/pages\/659","targetHints":{"allow":["GET"]}}],"collection":[{"href":"https:\/\/azal.si\/index.php\/wp-json\/wp\/v2\/pages"}],"about":[{"href":"https:\/\/azal.si\/index.php\/wp-json\/wp\/v2\/types\/page"}],"author":[{"embeddable":true,"href":"https:\/\/azal.si\/index.php\/wp-json\/wp\/v2\/users\/1"}],"replies":[{"embeddable":true,"href":"https:\/\/azal.si\/index.php\/wp-json\/wp\/v2\/comments?post=659"}],"version-history":[{"count":3,"href":"https:\/\/azal.si\/index.php\/wp-json\/wp\/v2\/pages\/659\/revisions"}],"predecessor-version":[{"id":697,"href":"https:\/\/azal.si\/index.php\/wp-json\/wp\/v2\/pages\/659\/revisions\/697"}],"wp:attachment":[{"href":"https:\/\/azal.si\/index.php\/wp-json\/wp\/v2\/media?parent=659"}],"curies":[{"name":"wp","href":"https:\/\/api.w.org\/{rel}","templated":true}]}}